{"id":452,"date":"2022-11-05T11:24:06","date_gmt":"2022-11-05T11:24:06","guid":{"rendered":"https:\/\/gestionalliance.com\/staging\/investisseurs\/"},"modified":"2022-12-20T16:07:57","modified_gmt":"2022-12-20T16:07:57","slug":"investisseurs","status":"publish","type":"page","link":"https:\/\/gestionalliance.com\/fr\/investisseurs\/","title":{"rendered":"Investisseurs"},"content":{"rendered":"\t\t<div data-elementor-type=\"wp-page\" data-elementor-id=\"452\" class=\"elementor elementor-452 elementor-400\" data-elementor-post-type=\"page\">\n\t\t\t\t\t\t<section class=\"elementor-section elementor-top-section elementor-element elementor-element-d2c7276 elementor-section-content-middle elementor-section-boxed elementor-section-height-default elementor-section-height-default\" data-id=\"d2c7276\" data-element_type=\"section\" data-e-type=\"section\">\n\t\t\t\t\t\t\t<div class=\"elementor-background-overlay\"><\/div>\n\t\t\t\t\t\t\t<div class=\"elementor-container elementor-column-gap-no\">\n\t\t\t\t\t<div class=\"elementor-column elementor-col-100 elementor-top-column elementor-element elementor-element-91720dc\" data-id=\"91720dc\" data-element_type=\"column\" data-e-type=\"column\">\n\t\t\t<div class=\"elementor-widget-wrap elementor-element-populated\">\n\t\t\t\t\t\t<div class=\"elementor-element elementor-element-59f7c23 elementor-widget elementor-widget-icon-box\" data-id=\"59f7c23\" data-element_type=\"widget\" data-e-type=\"widget\" data-widget_type=\"icon-box.default\">\n\t\t\t\t<div class=\"elementor-widget-container\">\n\t\t\t\t\t\t\t<div class=\"elementor-icon-box-wrapper\">\n\n\t\t\t\n\t\t\t\t\t\t<div class=\"elementor-icon-box-content\">\n\n\t\t\t\t\n\t\t\t\t\t\t\t\t\t<p class=\"elementor-icon-box-description\">\n\t\t\t\t\t\tInvestisseurs\t\t\t\t\t<\/p>\n\t\t\t\t\n\t\t\t<\/div>\n\t\t\t\n\t\t<\/div>\n\t\t\t\t\t\t<\/div>\n\t\t\t\t<\/div>\n\t\t\t\t<div class=\"elementor-element elementor-element-09bf018 elementor-widget elementor-widget-image\" data-id=\"09bf018\" data-element_type=\"widget\" data-e-type=\"widget\" data-widget_type=\"image.default\">\n\t\t\t\t<div class=\"elementor-widget-container\">\n\t\t\t\t\t\t\t\t\t\t\t\t\t\t\t<img fetchpriority=\"high\" decoding=\"async\" width=\"482\" height=\"491\" src=\"https:\/\/gestionalliance.com\/wp-content\/uploads\/2022\/11\/about-img-1.jpg\" class=\"attachment-large size-large wp-image-324\" alt=\"\" srcset=\"https:\/\/gestionalliance.com\/wp-content\/uploads\/2022\/11\/about-img-1.jpg 482w, https:\/\/gestionalliance.com\/wp-content\/uploads\/2022\/11\/about-img-1-295x300.jpg 295w\" sizes=\"(max-width: 482px) 100vw, 482px\" \/>\t\t\t\t\t\t\t\t\t\t\t\t\t\t\t<\/div>\n\t\t\t\t<\/div>\n\t\t\t\t<div class=\"elementor-element elementor-element-3cb3ccd elementor-widget elementor-widget-text-editor\" data-id=\"3cb3ccd\" data-element_type=\"widget\" data-e-type=\"widget\" data-widget_type=\"text-editor.default\">\n\t\t\t\t<div class=\"elementor-widget-container\">\n\t\t\t\t\t\t\t\t\t<section id=\"about\"><div class=\"container wow fadeInUp\"><div class=\"row\"><div class=\"col-md-12\"><section id=\"about\"><div class=\"container wow fadeInUp\"><div class=\"row\"><div class=\"col-md-12\"><p class=\"section-description\">Que vous cherchiez \u00e0 acheter un espace r\u00e9sidentiel ou commercial, nous pouvons g\u00e9rer la gestion de votre investissement par: l&rsquo;am\u00e9nagement de l&rsquo;espace, la recherche d&rsquo;un locataire, v\u00e9rification des ant\u00e9c\u00e9dents et de cr\u00e9dit, d\u00e9p\u00f4t de loyer et la gestion des op\u00e9rations quotidiennes. Pour les investisseurs \u00e9trangers, Alliance offre \u00e0 ses clients un taux pr\u00e9f\u00e9rentiel pour g\u00e9rer les d\u00e9clarations de revenus des non-r\u00e9sidents.<\/p><\/div><\/div><\/div><\/section><footer id=\"footer\"><div class=\"container\"><div class=\"row\"><div class=\"col-md-12\">\u00a0<\/div><\/div><\/div><\/footer><\/div><\/div><\/div><\/section>\t\t\t\t\t\t\t\t<\/div>\n\t\t\t\t<\/div>\n\t\t\t\t\t<\/div>\n\t\t<\/div>\n\t\t\t\t\t<\/div>\n\t\t<\/section>\n\t\t\t\t<\/div>\n\t\t","protected":false},"excerpt":{"rendered":"<p>Investisseurs Que vous cherchiez \u00e0 acheter un espace r\u00e9sidentiel ou commercial, nous pouvons g\u00e9rer la gestion de votre investissement par: l&rsquo;am\u00e9nagement de l&rsquo;espace, la recherche d&rsquo;un locataire, v\u00e9rification des ant\u00e9c\u00e9dents et de cr\u00e9dit, d\u00e9p\u00f4t de loyer et la gestion des op\u00e9rations quotidiennes. Pour les investisseurs \u00e9trangers, Alliance offre \u00e0 ses clients un taux pr\u00e9f\u00e9rentiel pour [&hellip;]<\/p>\n","protected":false},"author":1,"featured_media":0,"parent":0,"menu_order":0,"comment_status":"closed","ping_status":"closed","template":"","meta":{"footnotes":""},"class_list":["post-452","page","type-page","status-publish","hentry"],"_links":{"self":[{"href":"https:\/\/gestionalliance.com\/fr\/wp-json\/wp\/v2\/pages\/452","targetHints":{"allow":["GET"]}}],"collection":[{"href":"https:\/\/gestionalliance.com\/fr\/wp-json\/wp\/v2\/pages"}],"about":[{"href":"https:\/\/gestionalliance.com\/fr\/wp-json\/wp\/v2\/types\/page"}],"author":[{"embeddable":true,"href":"https:\/\/gestionalliance.com\/fr\/wp-json\/wp\/v2\/users\/1"}],"replies":[{"embeddable":true,"href":"https:\/\/gestionalliance.com\/fr\/wp-json\/wp\/v2\/comments?post=452"}],"version-history":[{"count":11,"href":"https:\/\/gestionalliance.com\/fr\/wp-json\/wp\/v2\/pages\/452\/revisions"}],"predecessor-version":[{"id":1153,"href":"https:\/\/gestionalliance.com\/fr\/wp-json\/wp\/v2\/pages\/452\/revisions\/1153"}],"wp:attachment":[{"href":"https:\/\/gestionalliance.com\/fr\/wp-json\/wp\/v2\/media?parent=452"}],"curies":[{"name":"wp","href":"https:\/\/api.w.org\/{rel}","templated":true}]}}