{"id":450,"date":"2022-11-05T11:21:26","date_gmt":"2022-11-05T11:21:26","guid":{"rendered":"https:\/\/gestionalliance.com\/staging\/services-aux-developpeurs\/"},"modified":"2022-12-20T16:05:11","modified_gmt":"2022-12-20T16:05:11","slug":"services-aux-developpeurs","status":"publish","type":"page","link":"https:\/\/gestionalliance.com\/fr\/services-aux-developpeurs\/","title":{"rendered":"Promoteurs"},"content":{"rendered":"\t\t<div data-elementor-type=\"wp-page\" data-elementor-id=\"450\" class=\"elementor elementor-450 elementor-388\" data-elementor-post-type=\"page\">\n\t\t\t\t\t\t<section class=\"elementor-section elementor-top-section elementor-element elementor-element-23c49b9 elementor-section-content-middle elementor-section-boxed elementor-section-height-default elementor-section-height-default\" data-id=\"23c49b9\" data-element_type=\"section\" data-e-type=\"section\">\n\t\t\t\t\t\t\t<div class=\"elementor-background-overlay\"><\/div>\n\t\t\t\t\t\t\t<div class=\"elementor-container elementor-column-gap-no\">\n\t\t\t\t\t<div class=\"elementor-column elementor-col-100 elementor-top-column elementor-element elementor-element-49c2e64\" data-id=\"49c2e64\" data-element_type=\"column\" data-e-type=\"column\">\n\t\t\t<div class=\"elementor-widget-wrap elementor-element-populated\">\n\t\t\t\t\t\t<div class=\"elementor-element elementor-element-2b0ffc8 elementor-widget elementor-widget-icon-box\" data-id=\"2b0ffc8\" data-element_type=\"widget\" data-e-type=\"widget\" data-widget_type=\"icon-box.default\">\n\t\t\t\t<div class=\"elementor-widget-container\">\n\t\t\t\t\t\t\t<div class=\"elementor-icon-box-wrapper\">\n\n\t\t\t\n\t\t\t\t\t\t<div class=\"elementor-icon-box-content\">\n\n\t\t\t\t\n\t\t\t\t\t\t\t\t\t<p class=\"elementor-icon-box-description\">\n\t\t\t\t\t\tSERVICES AUX PROMOTEURS\t\t\t\t\t<\/p>\n\t\t\t\t\n\t\t\t<\/div>\n\t\t\t\n\t\t<\/div>\n\t\t\t\t\t\t<\/div>\n\t\t\t\t<\/div>\n\t\t\t\t<div class=\"elementor-element elementor-element-8b02a7d elementor-widget elementor-widget-image\" data-id=\"8b02a7d\" data-element_type=\"widget\" data-e-type=\"widget\" data-widget_type=\"image.default\">\n\t\t\t\t<div class=\"elementor-widget-container\">\n\t\t\t\t\t\t\t\t\t\t\t\t\t\t\t<img fetchpriority=\"high\" decoding=\"async\" width=\"482\" height=\"491\" src=\"https:\/\/gestionalliance.com\/wp-content\/uploads\/2022\/11\/about-img-1.jpg\" class=\"attachment-large size-large wp-image-324\" alt=\"\" srcset=\"https:\/\/gestionalliance.com\/wp-content\/uploads\/2022\/11\/about-img-1.jpg 482w, https:\/\/gestionalliance.com\/wp-content\/uploads\/2022\/11\/about-img-1-295x300.jpg 295w\" sizes=\"(max-width: 482px) 100vw, 482px\" \/>\t\t\t\t\t\t\t\t\t\t\t\t\t\t\t<\/div>\n\t\t\t\t<\/div>\n\t\t\t\t<div class=\"elementor-element elementor-element-c5893ac elementor-widget elementor-widget-text-editor\" data-id=\"c5893ac\" data-element_type=\"widget\" data-e-type=\"widget\" data-widget_type=\"text-editor.default\">\n\t\t\t\t<div class=\"elementor-widget-container\">\n\t\t\t\t\t\t\t\t\t<div class=\"row\"><div class=\"col-md-12\"><p class=\"section-description\">Les nouveaux am\u00e9nagements cr\u00e9ent des possibilit\u00e9s infinies qui ont le pouvoir de d\u00e9finir la croissance de notre belle communaut\u00e9. C&rsquo;est un privil\u00e8ge pour nous d&rsquo;aider \u00e0 b\u00e2tir des communaut\u00e9s solides et durables en travaillant avec les promoteurs pour fa\u00e7onner l&rsquo;avenir de nos villes.<\/p><\/div><\/div>\t\t\t\t\t\t\t\t<\/div>\n\t\t\t\t<\/div>\n\t\t\t\t\t<\/div>\n\t\t<\/div>\n\t\t\t\t\t<\/div>\n\t\t<\/section>\n\t\t\t\t<section class=\"elementor-section elementor-top-section elementor-element elementor-element-56010c4 elementor-section-boxed elementor-section-height-default elementor-section-height-default\" data-id=\"56010c4\" data-element_type=\"section\" data-e-type=\"section\" data-settings=\"{&quot;background_background&quot;:&quot;classic&quot;}\">\n\t\t\t\t\t\t<div class=\"elementor-container elementor-column-gap-no\">\n\t\t\t\t\t<div class=\"elementor-column elementor-col-50 elementor-top-column elementor-element elementor-element-390097b\" data-id=\"390097b\" data-element_type=\"column\" data-e-type=\"column\">\n\t\t\t<div class=\"elementor-widget-wrap elementor-element-populated\">\n\t\t\t\t\t\t<div class=\"elementor-element elementor-element-cfdf2a8 elementor-widget elementor-widget-image\" data-id=\"cfdf2a8\" data-element_type=\"widget\" data-e-type=\"widget\" data-widget_type=\"image.default\">\n\t\t\t\t<div class=\"elementor-widget-container\">\n\t\t\t\t\t\t\t\t\t\t\t\t\t\t\t<img decoding=\"async\" width=\"800\" height=\"534\" src=\"https:\/\/gestionalliance.com\/wp-content\/uploads\/2022\/11\/motreal_canada-1.jpg\" class=\"attachment-large size-large wp-image-393\" alt=\"\" srcset=\"https:\/\/gestionalliance.com\/wp-content\/uploads\/2022\/11\/motreal_canada-1.jpg 800w, https:\/\/gestionalliance.com\/wp-content\/uploads\/2022\/11\/motreal_canada-1-300x200.jpg 300w, https:\/\/gestionalliance.com\/wp-content\/uploads\/2022\/11\/motreal_canada-1-768x513.jpg 768w\" sizes=\"(max-width: 800px) 100vw, 800px\" \/>\t\t\t\t\t\t\t\t\t\t\t\t\t\t\t<\/div>\n\t\t\t\t<\/div>\n\t\t\t\t\t<\/div>\n\t\t<\/div>\n\t\t\t\t<div class=\"elementor-column elementor-col-50 elementor-top-column elementor-element elementor-element-bde73a3\" data-id=\"bde73a3\" data-element_type=\"column\" data-e-type=\"column\">\n\t\t\t<div class=\"elementor-widget-wrap elementor-element-populated\">\n\t\t\t\t\t\t<div class=\"elementor-element elementor-element-5bdc4cf elementor-widget elementor-widget-heading\" data-id=\"5bdc4cf\" data-element_type=\"widget\" data-e-type=\"widget\" data-widget_type=\"heading.default\">\n\t\t\t\t<div class=\"elementor-widget-container\">\n\t\t\t\t\t<h1 class=\"elementor-heading-title elementor-size-default\">Alliance est l\u00e0...<br>\n\u00e0 chaque \u00e9tape du processus.\n<\/h1>\t\t\t\t<\/div>\n\t\t\t\t<\/div>\n\t\t\t\t<div class=\"elementor-element elementor-element-1507124 elementor-widget elementor-widget-text-editor\" data-id=\"1507124\" data-element_type=\"widget\" data-e-type=\"widget\" data-widget_type=\"text-editor.default\">\n\t\t\t\t<div class=\"elementor-widget-container\">\n\t\t\t\t\t\t\t\t\t<p class=\"about-text\">Nous comprenons l&rsquo;importance de chaque stade de l&rsquo;am\u00e9nagement. Nous aidons les promoteurs depuis la planification, la construction, la vente des unit\u00e9s et l&rsquo;occupation jusqu&rsquo;au transfert aux propri\u00e9taires.<\/p>\t\t\t\t\t\t\t\t<\/div>\n\t\t\t\t<\/div>\n\t\t\t\t<div class=\"elementor-element elementor-element-88bce6d elementor-widget elementor-widget-text-editor\" data-id=\"88bce6d\" data-element_type=\"widget\" data-e-type=\"widget\" data-widget_type=\"text-editor.default\">\n\t\t\t\t<div class=\"elementor-widget-container\">\n\t\t\t\t\t\t\t\t\t<div class=\"col-md-6 about-content\"><ul class=\"about-text\"><li>La communication et un bon sens de l&rsquo;organisation sont des \u00e9l\u00e9ments cl\u00e9s du processus de vente et du transfert d&rsquo;occupation; c&rsquo;est pourquoi nous proposons une longue liste de services pour faire en sorte que le r\u00e9sultat final est une r\u00e9ussite absolue. Laissez-nous nous occuper des contrats, de la mise en \u0153uvre et de vos besoins en dotation.<\/li><li>Depuis l&rsquo;analyse de march\u00e9 jusqu&rsquo;\u00e0 la diligence raisonnable, nous poss\u00e9dons l&rsquo;expertise interne pour effectuer des recherches et des analyses et recommander de solides strat\u00e9gies pour assurer votre succ\u00e8s. Nous offrons \u00e0 nos clients un service personnalis\u00e9. Notre flexibilit\u00e9 et notre structure font en sorte que nos clients peuvent choisir le niveau de participation qu&rsquo;ils souhaitent avoir dans le processus d&rsquo;am\u00e9nagement.<\/li><li>Nous obtenons des devis et nous \u00e9tablissons de nouveaux contrats pour les travaux d&rsquo;entretien et de service. Cela comprend : les services de surveillance et d&rsquo;incendie, de s\u00e9curit\u00e9, de nettoyage et d&rsquo;entretien et de conciergerie, les ascenseurs, les g\u00e9n\u00e9ratrices de secours, les portes de garage, le syst\u00e8me de CVC, l&rsquo;enl\u00e8vement des d\u00e9chets, l&rsquo;am\u00e9nagement paysager, le recyclage et le d\u00e9neigement.<\/li><li>Une fois que 50\u00a0% +1 des lots de propri\u00e9t\u00e9 ont \u00e9t\u00e9 transmis, nous commen\u00e7ons \u00e0 organiser la premi\u00e8re assembl\u00e9e g\u00e9n\u00e9rale annuelle. Les gestionnaires immobiliers ex\u00e9cutent les t\u00e2ches n\u00e9cessaires jusqu&rsquo;au transfert complet.<\/li><\/ul><p>\u00a0<\/p><\/div>\t\t\t\t\t\t\t\t<\/div>\n\t\t\t\t<\/div>\n\t\t\t\t\t<\/div>\n\t\t<\/div>\n\t\t\t\t\t<\/div>\n\t\t<\/section>\n\t\t\t\t<\/div>\n\t\t","protected":false},"excerpt":{"rendered":"<p>SERVICES AUX PROMOTEURS Les nouveaux am\u00e9nagements cr\u00e9ent des possibilit\u00e9s infinies qui ont le pouvoir de d\u00e9finir la croissance de notre belle communaut\u00e9. C&rsquo;est un privil\u00e8ge pour nous d&rsquo;aider \u00e0 b\u00e2tir des communaut\u00e9s solides et durables en travaillant avec les promoteurs pour fa\u00e7onner l&rsquo;avenir de nos villes. Alliance est l\u00e0&#8230; \u00e0 chaque \u00e9tape du processus. Nous [&hellip;]<\/p>\n","protected":false},"author":1,"featured_media":0,"parent":0,"menu_order":0,"comment_status":"closed","ping_status":"closed","template":"","meta":{"footnotes":""},"class_list":["post-450","page","type-page","status-publish","hentry"],"_links":{"self":[{"href":"https:\/\/gestionalliance.com\/fr\/wp-json\/wp\/v2\/pages\/450","targetHints":{"allow":["GET"]}}],"collection":[{"href":"https:\/\/gestionalliance.com\/fr\/wp-json\/wp\/v2\/pages"}],"about":[{"href":"https:\/\/gestionalliance.com\/fr\/wp-json\/wp\/v2\/types\/page"}],"author":[{"embeddable":true,"href":"https:\/\/gestionalliance.com\/fr\/wp-json\/wp\/v2\/users\/1"}],"replies":[{"embeddable":true,"href":"https:\/\/gestionalliance.com\/fr\/wp-json\/wp\/v2\/comments?post=450"}],"version-history":[{"count":17,"href":"https:\/\/gestionalliance.com\/fr\/wp-json\/wp\/v2\/pages\/450\/revisions"}],"predecessor-version":[{"id":1150,"href":"https:\/\/gestionalliance.com\/fr\/wp-json\/wp\/v2\/pages\/450\/revisions\/1150"}],"wp:attachment":[{"href":"https:\/\/gestionalliance.com\/fr\/wp-json\/wp\/v2\/media?parent=450"}],"curies":[{"name":"wp","href":"https:\/\/api.w.org\/{rel}","templated":true}]}}