{"id":448,"date":"2022-11-05T10:55:00","date_gmt":"2022-11-05T10:55:00","guid":{"rendered":"https:\/\/gestionalliance.com\/staging\/services-de-copropriete\/"},"modified":"2023-01-19T00:05:20","modified_gmt":"2023-01-19T00:05:20","slug":"services-de-copropriete","status":"publish","type":"page","link":"https:\/\/gestionalliance.com\/fr\/services-de-copropriete\/","title":{"rendered":"R\u00e9sidentiel"},"content":{"rendered":"\t\t<div data-elementor-type=\"wp-page\" data-elementor-id=\"448\" class=\"elementor elementor-448 elementor-371\" data-elementor-post-type=\"page\">\n\t\t\t\t\t\t<section class=\"elementor-section elementor-top-section elementor-element elementor-element-7387d261 elementor-section-content-middle elementor-section-boxed elementor-section-height-default elementor-section-height-default\" data-id=\"7387d261\" data-element_type=\"section\" data-e-type=\"section\">\n\t\t\t\t\t\t\t<div class=\"elementor-background-overlay\"><\/div>\n\t\t\t\t\t\t\t<div class=\"elementor-container elementor-column-gap-no\">\n\t\t\t\t\t<div class=\"elementor-column elementor-col-100 elementor-top-column elementor-element elementor-element-25a7f600\" data-id=\"25a7f600\" data-element_type=\"column\" data-e-type=\"column\">\n\t\t\t<div class=\"elementor-widget-wrap elementor-element-populated\">\n\t\t\t\t\t\t<div class=\"elementor-element elementor-element-12938cd2 elementor-widget elementor-widget-icon-box\" data-id=\"12938cd2\" data-element_type=\"widget\" data-e-type=\"widget\" data-widget_type=\"icon-box.default\">\n\t\t\t\t<div class=\"elementor-widget-container\">\n\t\t\t\t\t\t\t<div class=\"elementor-icon-box-wrapper\">\n\n\t\t\t\n\t\t\t\t\t\t<div class=\"elementor-icon-box-content\">\n\n\t\t\t\t\n\t\t\t\t\t\t\t\t\t<p class=\"elementor-icon-box-description\">\n\t\t\t\t\t\tSERVICES DE GESTION DE CONDOMINIUMS\t\t\t\t\t<\/p>\n\t\t\t\t\n\t\t\t<\/div>\n\t\t\t\n\t\t<\/div>\n\t\t\t\t\t\t<\/div>\n\t\t\t\t<\/div>\n\t\t\t\t<div class=\"elementor-element elementor-element-7e7a7e3 elementor-widget elementor-widget-image\" data-id=\"7e7a7e3\" data-element_type=\"widget\" data-e-type=\"widget\" data-widget_type=\"image.default\">\n\t\t\t\t<div class=\"elementor-widget-container\">\n\t\t\t\t\t\t\t\t\t\t\t\t\t\t\t<img fetchpriority=\"high\" decoding=\"async\" width=\"482\" height=\"491\" src=\"https:\/\/gestionalliance.com\/wp-content\/uploads\/2022\/11\/about-img-1.jpg\" class=\"attachment-large size-large wp-image-324\" alt=\"\" srcset=\"https:\/\/gestionalliance.com\/wp-content\/uploads\/2022\/11\/about-img-1.jpg 482w, https:\/\/gestionalliance.com\/wp-content\/uploads\/2022\/11\/about-img-1-295x300.jpg 295w\" sizes=\"(max-width: 482px) 100vw, 482px\" \/>\t\t\t\t\t\t\t\t\t\t\t\t\t\t\t<\/div>\n\t\t\t\t<\/div>\n\t\t\t\t<div class=\"elementor-element elementor-element-48e3c6ff elementor-widget elementor-widget-text-editor\" data-id=\"48e3c6ff\" data-element_type=\"widget\" data-e-type=\"widget\" data-widget_type=\"text-editor.default\">\n\t\t\t\t<div class=\"elementor-widget-container\">\n\t\t\t\t\t\t\t\t\tNotre mission consiste \u00e0 g\u00e9rer les condominiums r\u00e9sidentiels en offrant le plus haut niveau de service afin d&rsquo;am\u00e9liorer la valeur de la propri\u00e9t\u00e9 et la qualit\u00e9 de vie de chacun des r\u00e9sidents et de chacune des communaut\u00e9s que vous desservons.\t\t\t\t\t\t\t\t<\/div>\n\t\t\t\t<\/div>\n\t\t\t\t\t<\/div>\n\t\t<\/div>\n\t\t\t\t\t<\/div>\n\t\t<\/section>\n\t\t\t\t<section class=\"elementor-section elementor-top-section elementor-element elementor-element-4b039bd elementor-section-content-middle elementor-section-boxed elementor-section-height-default elementor-section-height-default\" data-id=\"4b039bd\" data-element_type=\"section\" data-e-type=\"section\" data-settings=\"{&quot;background_background&quot;:&quot;classic&quot;}\">\n\t\t\t\t\t\t<div class=\"elementor-container elementor-column-gap-no\">\n\t\t\t\t\t<div class=\"elementor-column elementor-col-50 elementor-top-column elementor-element elementor-element-7205fe2\" data-id=\"7205fe2\" data-element_type=\"column\" data-e-type=\"column\">\n\t\t\t<div class=\"elementor-widget-wrap elementor-element-populated\">\n\t\t\t\t\t\t<div class=\"elementor-element elementor-element-93d2cb5 elementor-widget elementor-widget-image\" data-id=\"93d2cb5\" data-element_type=\"widget\" data-e-type=\"widget\" data-widget_type=\"image.default\">\n\t\t\t\t<div class=\"elementor-widget-container\">\n\t\t\t\t\t\t\t\t\t\t\t\t\t\t\t<img decoding=\"async\" width=\"800\" height=\"533\" src=\"https:\/\/gestionalliance.com\/wp-content\/uploads\/2022\/11\/administrative.jpg\" class=\"attachment-large size-large wp-image-374\" alt=\"\" srcset=\"https:\/\/gestionalliance.com\/wp-content\/uploads\/2022\/11\/administrative.jpg 800w, https:\/\/gestionalliance.com\/wp-content\/uploads\/2022\/11\/administrative-300x200.jpg 300w, https:\/\/gestionalliance.com\/wp-content\/uploads\/2022\/11\/administrative-768x512.jpg 768w\" sizes=\"(max-width: 800px) 100vw, 800px\" \/>\t\t\t\t\t\t\t\t\t\t\t\t\t\t\t<\/div>\n\t\t\t\t<\/div>\n\t\t\t\t\t<\/div>\n\t\t<\/div>\n\t\t\t\t<div class=\"elementor-column elementor-col-50 elementor-top-column elementor-element elementor-element-f696402\" data-id=\"f696402\" data-element_type=\"column\" data-e-type=\"column\">\n\t\t\t<div class=\"elementor-widget-wrap elementor-element-populated\">\n\t\t\t\t\t\t<div class=\"elementor-element elementor-element-db3d7f7 elementor-widget elementor-widget-heading\" data-id=\"db3d7f7\" data-element_type=\"widget\" data-e-type=\"widget\" data-widget_type=\"heading.default\">\n\t\t\t\t<div class=\"elementor-widget-container\">\n\t\t\t\t\t<h1 class=\"elementor-heading-title elementor-size-default\">Services administratifs g\u00e9n\u00e9raux<\/h1>\t\t\t\t<\/div>\n\t\t\t\t<\/div>\n\t\t\t\t<div class=\"elementor-element elementor-element-0e526fb elementor-widget elementor-widget-text-editor\" data-id=\"0e526fb\" data-element_type=\"widget\" data-e-type=\"widget\" data-widget_type=\"text-editor.default\">\n\t\t\t\t<div class=\"elementor-widget-container\">\n\t\t\t\t\t\t\t\t\t<div class=\"col-md-6 about-content\">\n<ul class=\"about-text\">\n<li>Visiter les complexes chaque semaine<\/li>\n<li>Traiter les demandes des copropri\u00e9taires<\/li>\n<li>Mettre en application les r\u00e8glements du syndicat (D\u00e9claration de copropri\u00e9t\u00e9)<\/li>\n<li>Prendre des dispositions pour les assembl\u00e9es g\u00e9n\u00e9rales annuelles, notamment la pr\u00e9paration et le d\u00e9pouillement des procurations, etc.<\/li>\n<li>Cr\u00e9er la feuille des pr\u00e9sences \u00e0 l&rsquo;assembl\u00e9e g\u00e9n\u00e9rale annuelle<\/li>\n<li>Assister aux r\u00e9unions du conseil d&rsquo;administration ainsi qu&rsquo;aux assembl\u00e9es g\u00e9n\u00e9rales annuelles (pr\u00e9sence du gestionnaire ou du repr\u00e9sentant exig\u00e9e)<\/li>\n<li>Produire le proc\u00e8s-verbal des r\u00e9unions du conseil d&rsquo;administration<\/li>\n<li>Examiner les demandes des copropri\u00e9taires, des fournisseurs et des tiers et en faire le suivi aux r\u00e9unions du conseil d&rsquo;administration<\/li>\n<li>Pr\u00e9parer les devis et contrats courants (d\u00e9neigement, am\u00e9nagement paysager, etc.)<\/li>\n<li>N\u00e9gocier et pr\u00e9senter au conseil d&rsquo;administration les propositions d&rsquo;assurance et d&rsquo;entretien&nbsp;<\/li>\n<\/ul>\n<\/div>\t\t\t\t\t\t\t\t<\/div>\n\t\t\t\t<\/div>\n\t\t\t\t\t<\/div>\n\t\t<\/div>\n\t\t\t\t\t<\/div>\n\t\t<\/section>\n\t\t\t\t<section class=\"elementor-section elementor-top-section elementor-element elementor-element-98467b2 elementor-section-content-middle elementor-section-boxed elementor-section-height-default elementor-section-height-default\" data-id=\"98467b2\" data-element_type=\"section\" data-e-type=\"section\" data-settings=\"{&quot;background_background&quot;:&quot;classic&quot;}\">\n\t\t\t\t\t\t<div class=\"elementor-container elementor-column-gap-no\">\n\t\t\t\t\t<div class=\"elementor-column elementor-col-50 elementor-top-column elementor-element elementor-element-1989068\" data-id=\"1989068\" data-element_type=\"column\" data-e-type=\"column\">\n\t\t\t<div class=\"elementor-widget-wrap elementor-element-populated\">\n\t\t\t\t\t\t<div class=\"elementor-element elementor-element-cbae9d0 elementor-widget elementor-widget-image\" data-id=\"cbae9d0\" data-element_type=\"widget\" data-e-type=\"widget\" data-widget_type=\"image.default\">\n\t\t\t\t<div class=\"elementor-widget-container\">\n\t\t\t\t\t\t\t\t\t\t\t\t\t\t\t<img decoding=\"async\" width=\"800\" height=\"533\" src=\"https:\/\/gestionalliance.com\/wp-content\/uploads\/2022\/11\/financial.jpg\" class=\"attachment-large size-large wp-image-376\" alt=\"\" srcset=\"https:\/\/gestionalliance.com\/wp-content\/uploads\/2022\/11\/financial.jpg 800w, https:\/\/gestionalliance.com\/wp-content\/uploads\/2022\/11\/financial-300x200.jpg 300w, https:\/\/gestionalliance.com\/wp-content\/uploads\/2022\/11\/financial-768x512.jpg 768w\" sizes=\"(max-width: 800px) 100vw, 800px\" \/>\t\t\t\t\t\t\t\t\t\t\t\t\t\t\t<\/div>\n\t\t\t\t<\/div>\n\t\t\t\t\t<\/div>\n\t\t<\/div>\n\t\t\t\t<div class=\"elementor-column elementor-col-50 elementor-top-column elementor-element elementor-element-c64503a\" data-id=\"c64503a\" data-element_type=\"column\" data-e-type=\"column\">\n\t\t\t<div class=\"elementor-widget-wrap elementor-element-populated\">\n\t\t\t\t\t\t<div class=\"elementor-element elementor-element-28b04fc elementor-widget elementor-widget-heading\" data-id=\"28b04fc\" data-element_type=\"widget\" data-e-type=\"widget\" data-widget_type=\"heading.default\">\n\t\t\t\t<div class=\"elementor-widget-container\">\n\t\t\t\t\t<h1 class=\"elementor-heading-title elementor-size-default\">Gestion financi\u00e8re<\/h1>\t\t\t\t<\/div>\n\t\t\t\t<\/div>\n\t\t\t\t<div class=\"elementor-element elementor-element-8d3610c elementor-widget elementor-widget-text-editor\" data-id=\"8d3610c\" data-element_type=\"widget\" data-e-type=\"widget\" data-widget_type=\"text-editor.default\">\n\t\t\t\t<div class=\"elementor-widget-container\">\n\t\t\t\t\t\t\t\t\t<div><ul><li>Recueillir et d\u00e9poser les frais de copropri\u00e9t\u00e9<\/li><li>Comptes cr\u00e9diteurs<\/li><li>Comptes d\u00e9biteurs<\/li><li>Donner des conseils sur l&rsquo;investissement des fonds<\/li><li>Pr\u00e9parer les \u00e9tats financiers mensuels complets, y compris la ventilation d\u00e9taill\u00e9e des d\u00e9penses et des op\u00e9rations financi\u00e8res, ainsi qu&rsquo;une comparaison des chiffres r\u00e9els et de ceux du budget<\/li><li>Aider \u00e0 pr\u00e9parer un budget annuel de fonctionnement et de r\u00e9serve<\/li><li>Organiser une v\u00e9rification annuelle, le cas \u00e9ch\u00e9ant<\/li><li>Traiter la paie pour le personnel sur place<\/li><li>Pr\u00e9parer et recueillir des avis de cotisation et faire leur mise en recouvrement, au besoin<\/li><\/ul><\/div>\t\t\t\t\t\t\t\t<\/div>\n\t\t\t\t<\/div>\n\t\t\t\t\t<\/div>\n\t\t<\/div>\n\t\t\t\t\t<\/div>\n\t\t<\/section>\n\t\t\t\t<section class=\"elementor-section elementor-top-section elementor-element elementor-element-7efeb81 elementor-section-content-middle elementor-section-boxed elementor-section-height-default elementor-section-height-default\" data-id=\"7efeb81\" data-element_type=\"section\" data-e-type=\"section\" data-settings=\"{&quot;background_background&quot;:&quot;classic&quot;}\">\n\t\t\t\t\t\t<div class=\"elementor-container elementor-column-gap-no\">\n\t\t\t\t\t<div class=\"elementor-column elementor-col-50 elementor-top-column elementor-element elementor-element-1fc8ab1\" data-id=\"1fc8ab1\" data-element_type=\"column\" data-e-type=\"column\">\n\t\t\t<div class=\"elementor-widget-wrap elementor-element-populated\">\n\t\t\t\t\t\t<div class=\"elementor-element elementor-element-a82a5a4 elementor-widget elementor-widget-image\" data-id=\"a82a5a4\" data-element_type=\"widget\" data-e-type=\"widget\" data-widget_type=\"image.default\">\n\t\t\t\t<div class=\"elementor-widget-container\">\n\t\t\t\t\t\t\t\t\t\t\t\t\t\t\t<img loading=\"lazy\" decoding=\"async\" width=\"800\" height=\"533\" src=\"https:\/\/gestionalliance.com\/wp-content\/uploads\/2022\/11\/maintenance.jpg\" class=\"attachment-large size-large wp-image-380\" alt=\"\" srcset=\"https:\/\/gestionalliance.com\/wp-content\/uploads\/2022\/11\/maintenance.jpg 800w, https:\/\/gestionalliance.com\/wp-content\/uploads\/2022\/11\/maintenance-300x200.jpg 300w, https:\/\/gestionalliance.com\/wp-content\/uploads\/2022\/11\/maintenance-768x512.jpg 768w\" sizes=\"(max-width: 800px) 100vw, 800px\" \/>\t\t\t\t\t\t\t\t\t\t\t\t\t\t\t<\/div>\n\t\t\t\t<\/div>\n\t\t\t\t\t<\/div>\n\t\t<\/div>\n\t\t\t\t<div class=\"elementor-column elementor-col-50 elementor-top-column elementor-element elementor-element-55b3ac0\" data-id=\"55b3ac0\" data-element_type=\"column\" data-e-type=\"column\">\n\t\t\t<div class=\"elementor-widget-wrap elementor-element-populated\">\n\t\t\t\t\t\t<div class=\"elementor-element elementor-element-8e76fd2 elementor-widget elementor-widget-heading\" data-id=\"8e76fd2\" data-element_type=\"widget\" data-e-type=\"widget\" data-widget_type=\"heading.default\">\n\t\t\t\t<div class=\"elementor-widget-container\">\n\t\t\t\t\t<h1 class=\"elementor-heading-title elementor-size-default\">Entretien et gestion du site<\/h1>\t\t\t\t<\/div>\n\t\t\t\t<\/div>\n\t\t\t\t<div class=\"elementor-element elementor-element-b4fc28d elementor-widget elementor-widget-text-editor\" data-id=\"b4fc28d\" data-element_type=\"widget\" data-e-type=\"widget\" data-widget_type=\"text-editor.default\">\n\t\t\t\t<div class=\"elementor-widget-container\">\n\t\t\t\t\t\t\t\t\t<div class=\"col-md-6 about-content\"><ul class=\"about-text\"><li>Obtenir des devis et des soumissions scell\u00e9es pour les travaux majeurs<\/li><li>Surveiller le rendement des entrepreneurs sur place<\/li><li>Inspecter et faire le suivi de toutes les r\u00e9parations avant d&rsquo;effectuer le paiement<\/li><\/ul><\/div>\t\t\t\t\t\t\t\t<\/div>\n\t\t\t\t<\/div>\n\t\t\t\t\t<\/div>\n\t\t<\/div>\n\t\t\t\t\t<\/div>\n\t\t<\/section>\n\t\t\t\t<section class=\"elementor-section elementor-top-section elementor-element elementor-element-81e849e elementor-section-content-middle elementor-section-boxed elementor-section-height-default elementor-section-height-default\" data-id=\"81e849e\" data-element_type=\"section\" data-e-type=\"section\" data-settings=\"{&quot;background_background&quot;:&quot;classic&quot;}\">\n\t\t\t\t\t\t<div class=\"elementor-container elementor-column-gap-no\">\n\t\t\t\t\t<div class=\"elementor-column elementor-col-50 elementor-top-column elementor-element elementor-element-4ddc7e9\" data-id=\"4ddc7e9\" data-element_type=\"column\" data-e-type=\"column\">\n\t\t\t<div class=\"elementor-widget-wrap elementor-element-populated\">\n\t\t\t\t\t\t<div class=\"elementor-element elementor-element-c79e41e elementor-widget elementor-widget-image\" data-id=\"c79e41e\" data-element_type=\"widget\" data-e-type=\"widget\" data-widget_type=\"image.default\">\n\t\t\t\t<div class=\"elementor-widget-container\">\n\t\t\t\t\t\t\t\t\t\t\t\t\t\t\t<img loading=\"lazy\" decoding=\"async\" width=\"800\" height=\"533\" src=\"https:\/\/gestionalliance.com\/wp-content\/uploads\/2022\/11\/emergency.jpg\" class=\"attachment-large size-large wp-image-382\" alt=\"\" srcset=\"https:\/\/gestionalliance.com\/wp-content\/uploads\/2022\/11\/emergency.jpg 800w, https:\/\/gestionalliance.com\/wp-content\/uploads\/2022\/11\/emergency-300x200.jpg 300w, https:\/\/gestionalliance.com\/wp-content\/uploads\/2022\/11\/emergency-768x512.jpg 768w\" sizes=\"(max-width: 800px) 100vw, 800px\" \/>\t\t\t\t\t\t\t\t\t\t\t\t\t\t\t<\/div>\n\t\t\t\t<\/div>\n\t\t\t\t\t<\/div>\n\t\t<\/div>\n\t\t\t\t<div class=\"elementor-column elementor-col-50 elementor-top-column elementor-element elementor-element-d6915a5\" data-id=\"d6915a5\" data-element_type=\"column\" data-e-type=\"column\">\n\t\t\t<div class=\"elementor-widget-wrap elementor-element-populated\">\n\t\t\t\t\t\t<div class=\"elementor-element elementor-element-3e8e12b elementor-widget elementor-widget-heading\" data-id=\"3e8e12b\" data-element_type=\"widget\" data-e-type=\"widget\" data-widget_type=\"heading.default\">\n\t\t\t\t<div class=\"elementor-widget-container\">\n\t\t\t\t\t<h1 class=\"elementor-heading-title elementor-size-default\">Services d'urgence<\/h1>\t\t\t\t<\/div>\n\t\t\t\t<\/div>\n\t\t\t\t<div class=\"elementor-element elementor-element-afb3268 elementor-widget elementor-widget-text-editor\" data-id=\"afb3268\" data-element_type=\"widget\" data-e-type=\"widget\" data-widget_type=\"text-editor.default\">\n\t\t\t\t<div class=\"elementor-widget-container\">\n\t\t\t\t\t\t\t\t\t<div class=\"col-md-6 about-content\"><ul class=\"about-text\"><li>Disponibilit\u00e9 24 heures sur 24 et sept jours sur sept en cas d&rsquo;urgence<\/li><\/ul><\/div>\t\t\t\t\t\t\t\t<\/div>\n\t\t\t\t<\/div>\n\t\t\t\t\t<\/div>\n\t\t<\/div>\n\t\t\t\t\t<\/div>\n\t\t<\/section>\n\t\t\t\t<section class=\"elementor-section elementor-top-section elementor-element elementor-element-8319cea elementor-section-content-middle elementor-section-boxed elementor-section-height-default elementor-section-height-default\" data-id=\"8319cea\" data-element_type=\"section\" data-e-type=\"section\" data-settings=\"{&quot;background_background&quot;:&quot;classic&quot;}\">\n\t\t\t\t\t\t<div class=\"elementor-container elementor-column-gap-no\">\n\t\t\t\t\t<div class=\"elementor-column elementor-col-50 elementor-top-column elementor-element elementor-element-78a0a10\" data-id=\"78a0a10\" data-element_type=\"column\" data-e-type=\"column\">\n\t\t\t<div class=\"elementor-widget-wrap elementor-element-populated\">\n\t\t\t\t\t\t<div class=\"elementor-element elementor-element-cdee1cc elementor-widget elementor-widget-image\" data-id=\"cdee1cc\" data-element_type=\"widget\" data-e-type=\"widget\" data-widget_type=\"image.default\">\n\t\t\t\t<div class=\"elementor-widget-container\">\n\t\t\t\t\t\t\t\t\t\t\t\t\t\t\t<img loading=\"lazy\" decoding=\"async\" width=\"800\" height=\"533\" src=\"https:\/\/gestionalliance.com\/wp-content\/uploads\/2022\/11\/legal.jpg\" class=\"attachment-large size-large wp-image-384\" alt=\"\" srcset=\"https:\/\/gestionalliance.com\/wp-content\/uploads\/2022\/11\/legal.jpg 800w, https:\/\/gestionalliance.com\/wp-content\/uploads\/2022\/11\/legal-300x200.jpg 300w, https:\/\/gestionalliance.com\/wp-content\/uploads\/2022\/11\/legal-768x512.jpg 768w\" sizes=\"(max-width: 800px) 100vw, 800px\" \/>\t\t\t\t\t\t\t\t\t\t\t\t\t\t\t<\/div>\n\t\t\t\t<\/div>\n\t\t\t\t\t<\/div>\n\t\t<\/div>\n\t\t\t\t<div class=\"elementor-column elementor-col-50 elementor-top-column elementor-element elementor-element-df99063\" data-id=\"df99063\" data-element_type=\"column\" data-e-type=\"column\">\n\t\t\t<div class=\"elementor-widget-wrap elementor-element-populated\">\n\t\t\t\t\t\t<div class=\"elementor-element elementor-element-1c91e6f elementor-widget elementor-widget-heading\" data-id=\"1c91e6f\" data-element_type=\"widget\" data-e-type=\"widget\" data-widget_type=\"heading.default\">\n\t\t\t\t<div class=\"elementor-widget-container\">\n\t\t\t\t\t<h1 class=\"elementor-heading-title elementor-size-default\">Services juridiques<\/h1>\t\t\t\t<\/div>\n\t\t\t\t<\/div>\n\t\t\t\t<div class=\"elementor-element elementor-element-5788bb2 elementor-widget elementor-widget-text-editor\" data-id=\"5788bb2\" data-element_type=\"widget\" data-e-type=\"widget\" data-widget_type=\"text-editor.default\">\n\t\t\t\t<div class=\"elementor-widget-container\">\n\t\t\t\t\t\t\t\t\t<div class=\"col-md-6 about-content\"><ul class=\"about-text\"><li>Pr\u00e9parer les dossiers pour la Cour des petites cr\u00e9ances et \u00eatre pr\u00e9sent lors de l&rsquo;audience \u00e0 la cour<\/li><li>Pr\u00e9parer les dossiers de recouvrement pour pr\u00e9sentation au conseiller juridique<\/li><li>Inscrire et supprimer un droit de r\u00e9tention, au besoin<\/li><li>Pr\u00e9parer les documents requis par le C.C.Q. et les notaires pour les ventes de condominiums<\/li><\/ul><\/div>\t\t\t\t\t\t\t\t<\/div>\n\t\t\t\t<\/div>\n\t\t\t\t\t<\/div>\n\t\t<\/div>\n\t\t\t\t\t<\/div>\n\t\t<\/section>\n\t\t\t\t<\/div>\n\t\t","protected":false},"excerpt":{"rendered":"<p>SERVICES DE GESTION DE CONDOMINIUMS Notre mission consiste \u00e0 g\u00e9rer les condominiums r\u00e9sidentiels en offrant le plus haut niveau de service afin d&rsquo;am\u00e9liorer la valeur de la propri\u00e9t\u00e9 et la qualit\u00e9 de vie de chacun des r\u00e9sidents et de chacune des communaut\u00e9s que vous desservons. Services administratifs g\u00e9n\u00e9raux Visiter les complexes chaque semaine Traiter les [&hellip;]<\/p>\n","protected":false},"author":1,"featured_media":0,"parent":0,"menu_order":0,"comment_status":"closed","ping_status":"closed","template":"","meta":{"footnotes":""},"class_list":["post-448","page","type-page","status-publish","hentry"],"_links":{"self":[{"href":"https:\/\/gestionalliance.com\/fr\/wp-json\/wp\/v2\/pages\/448","targetHints":{"allow":["GET"]}}],"collection":[{"href":"https:\/\/gestionalliance.com\/fr\/wp-json\/wp\/v2\/pages"}],"about":[{"href":"https:\/\/gestionalliance.com\/fr\/wp-json\/wp\/v2\/types\/page"}],"author":[{"embeddable":true,"href":"https:\/\/gestionalliance.com\/fr\/wp-json\/wp\/v2\/users\/1"}],"replies":[{"embeddable":true,"href":"https:\/\/gestionalliance.com\/fr\/wp-json\/wp\/v2\/comments?post=448"}],"version-history":[{"count":34,"href":"https:\/\/gestionalliance.com\/fr\/wp-json\/wp\/v2\/pages\/448\/revisions"}],"predecessor-version":[{"id":1438,"href":"https:\/\/gestionalliance.com\/fr\/wp-json\/wp\/v2\/pages\/448\/revisions\/1438"}],"wp:attachment":[{"href":"https:\/\/gestionalliance.com\/fr\/wp-json\/wp\/v2\/media?parent=448"}],"curies":[{"name":"wp","href":"https:\/\/api.w.org\/{rel}","templated":true}]}}