{"id":424,"date":"2022-11-05T11:30:25","date_gmt":"2022-11-05T11:30:25","guid":{"rendered":"https:\/\/gestionalliance.com\/staging\/a-propos-de-nous\/"},"modified":"2023-01-16T18:45:29","modified_gmt":"2023-01-16T18:45:29","slug":"a-propos-de-nous","status":"publish","type":"page","link":"https:\/\/gestionalliance.com\/fr\/a-propos-de-nous\/","title":{"rendered":"\u00c0 Propos"},"content":{"rendered":"\t\t<div data-elementor-type=\"wp-page\" data-elementor-id=\"424\" class=\"elementor elementor-424 elementor-408\" data-elementor-post-type=\"page\">\n\t\t\t\t\t\t<section class=\"elementor-section elementor-top-section elementor-element elementor-element-a0fee51 elementor-section-height-full elementor-section-items-stretch elementor-section-content-middle elementor-section-boxed elementor-section-height-default\" data-id=\"a0fee51\" data-element_type=\"section\" data-e-type=\"section\" data-settings=\"{&quot;background_background&quot;:&quot;classic&quot;}\">\n\t\t\t\t\t\t<div class=\"elementor-container elementor-column-gap-no\">\n\t\t\t\t\t<div class=\"elementor-column elementor-col-50 elementor-top-column elementor-element elementor-element-c739509\" data-id=\"c739509\" data-element_type=\"column\" data-e-type=\"column\">\n\t\t\t<div class=\"elementor-widget-wrap elementor-element-populated\">\n\t\t\t\t\t\t<div class=\"elementor-element elementor-element-88d761d elementor-widget elementor-widget-image\" data-id=\"88d761d\" data-element_type=\"widget\" data-e-type=\"widget\" data-widget_type=\"image.default\">\n\t\t\t\t<div class=\"elementor-widget-container\">\n\t\t\t\t\t\t\t\t\t\t\t\t\t\t\t<img fetchpriority=\"high\" decoding=\"async\" width=\"482\" height=\"491\" src=\"https:\/\/gestionalliance.com\/wp-content\/uploads\/2022\/11\/about-img-1.jpg\" class=\"attachment-large size-large wp-image-324\" alt=\"\" srcset=\"https:\/\/gestionalliance.com\/wp-content\/uploads\/2022\/11\/about-img-1.jpg 482w, https:\/\/gestionalliance.com\/wp-content\/uploads\/2022\/11\/about-img-1-295x300.jpg 295w\" sizes=\"(max-width: 482px) 100vw, 482px\" \/>\t\t\t\t\t\t\t\t\t\t\t\t\t\t\t<\/div>\n\t\t\t\t<\/div>\n\t\t\t\t\t<\/div>\n\t\t<\/div>\n\t\t\t\t<div class=\"elementor-column elementor-col-50 elementor-top-column elementor-element elementor-element-3abd12e\" data-id=\"3abd12e\" data-element_type=\"column\" data-e-type=\"column\">\n\t\t\t<div class=\"elementor-widget-wrap elementor-element-populated\">\n\t\t\t\t\t\t<div class=\"elementor-element elementor-element-87fbe86 elementor-widget elementor-widget-heading\" data-id=\"87fbe86\" data-element_type=\"widget\" data-e-type=\"widget\" data-widget_type=\"heading.default\">\n\t\t\t\t<div class=\"elementor-widget-container\">\n\t\t\t\t\t<h1 class=\"elementor-heading-title elementor-size-default\">\u00c0 Propos<\/h1>\t\t\t\t<\/div>\n\t\t\t\t<\/div>\n\t\t\t\t<div class=\"elementor-element elementor-element-57f99fd elementor-widget elementor-widget-heading\" data-id=\"57f99fd\" data-element_type=\"widget\" data-e-type=\"widget\" data-widget_type=\"heading.default\">\n\t\t\t\t<div class=\"elementor-widget-container\">\n\t\t\t\t\t<h5 class=\"elementor-heading-title elementor-size-default\">Sp\u00e9cialis\u00e9e dans le meilleur service de copropri\u00e9t\u00e9, la philosophie de l'entreprise est une concentration in\u00e9branlable sur l'exp\u00e9rience des r\u00e9sidents. Alliance appartient \u00e0 des cadres sup\u00e9rieurs qui supervisent une combinaison de personnes talentueuses, de syst\u00e8mes rationalis\u00e9s et de technologies de pointe. Puisqu'il n'y a pas deux propri\u00e9t\u00e9s identiques, Alliance a cr\u00e9\u00e9 un menu de services qui permet \u00e0 ses clients de cr\u00e9er une solution qui correspond \u00e0 leurs besoins.\n\nAlliance does not manage a great number of communities, just a number of great ones. Alliance ne g\u00e8re pas un grand nombre de communaut\u00e9s, juste un certain nombre de grandes. Nous nous effor\u00e7ons d'\u00eatre un chef de file dans notre industrie, un employeur de choix et un bon citoyen corporatif. Nous croyons que notre succ\u00e8s d\u00e9coule de nos relations avec nos employ\u00e9s, clients et fournisseurs tout en nous effor\u00e7ant d'innover pour la profession immobili\u00e8re en constante \u00e9volution.\n\nEn tant que gestionnaires immobiliers professionnels, nous nous tenons au courant des probl\u00e8mes qui affectent directement le secteur immobilier et, en fin de compte, les propri\u00e9t\u00e9s que nous g\u00e9rons. Alliance joue un r\u00f4le de premier plan dans l'am\u00e9lioration de l'industrie par l'\u00e9ducation, en \u00e9tant le catalyseur de changements l\u00e9gislatifs positifs et en promouvant des pratiques commerciales \u00e9thiques.\n\n<\/h5>\t\t\t\t<\/div>\n\t\t\t\t<\/div>\n\t\t\t\t<div class=\"elementor-element elementor-element-74af7f4 elementor-align-left elementor-widget elementor-widget-button\" data-id=\"74af7f4\" data-element_type=\"widget\" data-e-type=\"widget\" data-widget_type=\"button.default\">\n\t\t\t\t<div class=\"elementor-widget-container\">\n\t\t\t\t\t\t\t\t\t<div class=\"elementor-button-wrapper\">\n\t\t\t\t\t<a class=\"elementor-button elementor-button-link elementor-size-sm\" href=\"mailto:info@gestionalliance.com\">\n\t\t\t\t\t\t<span class=\"elementor-button-content-wrapper\">\n\t\t\t\t\t\t\t\t\t<span class=\"elementor-button-text\">Obtenir une soumission<\/span>\n\t\t\t\t\t<\/span>\n\t\t\t\t\t<\/a>\n\t\t\t\t<\/div>\n\t\t\t\t\t\t\t\t<\/div>\n\t\t\t\t<\/div>\n\t\t\t\t\t<\/div>\n\t\t<\/div>\n\t\t\t\t\t<\/div>\n\t\t<\/section>\n\t\t\t\t<\/div>\n\t\t","protected":false},"excerpt":{"rendered":"<p>\u00c0 Propos Sp\u00e9cialis\u00e9e dans le meilleur service de copropri\u00e9t\u00e9, la philosophie de l&rsquo;entreprise est une concentration in\u00e9branlable sur l&rsquo;exp\u00e9rience des r\u00e9sidents. Alliance appartient \u00e0 des cadres sup\u00e9rieurs qui supervisent une combinaison de personnes talentueuses, de syst\u00e8mes rationalis\u00e9s et de technologies de pointe. Puisqu&rsquo;il n&rsquo;y a pas deux propri\u00e9t\u00e9s identiques, Alliance a cr\u00e9\u00e9 un menu de [&hellip;]<\/p>\n","protected":false},"author":1,"featured_media":0,"parent":0,"menu_order":0,"comment_status":"closed","ping_status":"closed","template":"","meta":{"footnotes":""},"class_list":["post-424","page","type-page","status-publish","hentry"],"_links":{"self":[{"href":"https:\/\/gestionalliance.com\/fr\/wp-json\/wp\/v2\/pages\/424","targetHints":{"allow":["GET"]}}],"collection":[{"href":"https:\/\/gestionalliance.com\/fr\/wp-json\/wp\/v2\/pages"}],"about":[{"href":"https:\/\/gestionalliance.com\/fr\/wp-json\/wp\/v2\/types\/page"}],"author":[{"embeddable":true,"href":"https:\/\/gestionalliance.com\/fr\/wp-json\/wp\/v2\/users\/1"}],"replies":[{"embeddable":true,"href":"https:\/\/gestionalliance.com\/fr\/wp-json\/wp\/v2\/comments?post=424"}],"version-history":[{"count":34,"href":"https:\/\/gestionalliance.com\/fr\/wp-json\/wp\/v2\/pages\/424\/revisions"}],"predecessor-version":[{"id":1304,"href":"https:\/\/gestionalliance.com\/fr\/wp-json\/wp\/v2\/pages\/424\/revisions\/1304"}],"wp:attachment":[{"href":"https:\/\/gestionalliance.com\/fr\/wp-json\/wp\/v2\/media?parent=424"}],"curies":[{"name":"wp","href":"https:\/\/api.w.org\/{rel}","templated":true}]}}